{"id":93,"date":"2023-01-05T10:29:50","date_gmt":"2023-01-05T09:29:50","guid":{"rendered":"https:\/\/www.deintraumauto.at\/home\/?page_id=93"},"modified":"2024-01-23T11:50:23","modified_gmt":"2024-01-23T10:50:23","slug":"impressum","status":"publish","type":"page","link":"https:\/\/www.deintraumauto.at\/home\/impressum\/","title":{"rendered":"Impressum"},"content":{"rendered":"\t\t<div data-elementor-type=\"wp-page\" data-elementor-id=\"93\" class=\"elementor elementor-93\">\n\t\t\t\t\t\t<section class=\"elementor-section elementor-top-section elementor-element elementor-element-95f2a2d elementor-section-boxed elementor-section-height-default elementor-section-height-default\" data-id=\"95f2a2d\" data-element_type=\"section\">\n\t\t\t\t\t\t<div class=\"elementor-container elementor-column-gap-default\">\n\t\t\t\t\t<div class=\"elementor-column elementor-col-100 elementor-top-column elementor-element elementor-element-8b159d8\" data-id=\"8b159d8\" data-element_type=\"column\">\n\t\t\t<div class=\"elementor-widget-wrap elementor-element-populated\">\n\t\t\t\t\t\t<div class=\"elementor-element elementor-element-bb3e338 elementor-widget elementor-widget-heading\" data-id=\"bb3e338\" data-element_type=\"widget\" data-widget_type=\"heading.default\">\n\t\t\t\t<div class=\"elementor-widget-container\">\n\t\t\t<style>\/*! elementor - v3.21.0 - 15-04-2024 *\/\n.elementor-heading-title{padding:0;margin:0;line-height:1}.elementor-widget-heading .elementor-heading-title[class*=elementor-size-]>a{color:inherit;font-size:inherit;line-height:inherit}.elementor-widget-heading .elementor-heading-title.elementor-size-small{font-size:15px}.elementor-widget-heading .elementor-heading-title.elementor-size-medium{font-size:19px}.elementor-widget-heading .elementor-heading-title.elementor-size-large{font-size:29px}.elementor-widget-heading .elementor-heading-title.elementor-size-xl{font-size:39px}.elementor-widget-heading .elementor-heading-title.elementor-size-xxl{font-size:59px}<\/style><h2 class=\"elementor-heading-title elementor-size-default\">Impressum<\/h2>\t\t<\/div>\n\t\t\t\t<\/div>\n\t\t\t\t<div class=\"elementor-element elementor-element-5622961 elementor-widget elementor-widget-text-editor\" data-id=\"5622961\" data-element_type=\"widget\" data-widget_type=\"text-editor.default\">\n\t\t\t\t<div class=\"elementor-widget-container\">\n\t\t\t<style>\/*! elementor - v3.21.0 - 15-04-2024 *\/\n.elementor-widget-text-editor.elementor-drop-cap-view-stacked .elementor-drop-cap{background-color:#69727d;color:#fff}.elementor-widget-text-editor.elementor-drop-cap-view-framed .elementor-drop-cap{color:#69727d;border:3px solid;background-color:transparent}.elementor-widget-text-editor:not(.elementor-drop-cap-view-default) .elementor-drop-cap{margin-top:8px}.elementor-widget-text-editor:not(.elementor-drop-cap-view-default) .elementor-drop-cap-letter{width:1em;height:1em}.elementor-widget-text-editor .elementor-drop-cap{float:left;text-align:center;line-height:1;font-size:50px}.elementor-widget-text-editor .elementor-drop-cap-letter{display:inline-block}<\/style>\t\t\t\t<h5>PS Traumauto GmbH<\/h5><p>Besichtigungsadresse und Betriebsst\u00e4tte:<\/p><p>Kaplanstra\u00dfe 11a<br \/>4632 Pichl bei Wels<\/p><p>Telefon: +43 6767352882<br \/>Web:\u00a0<a href=\"http:\/\/www.deintraumauto.at\">www.deintraumauto.at<\/a>\u00a0<br \/>E-Mail:\u00a0<a href=\"mailto:office@deintraumauto.at\">office@deintraumauto.at<\/a><\/p><p>Gesch\u00e4ftsf\u00fchrung: Parim Sylejmani, Marcel Waldburger<\/p><p>Inhaltlich verantwortlich gem\u00e4\u00df \u00a7 5 TMG:<\/p><p>Adresse des inhalt. Verantwortlichen: Parim Sylejmani, Marcel Waldburger<br \/>Verantwortlich im Sinne des Presserechts (V.i.S.d.P.): Parim Sylejmani, Marcel Waldburger<br \/>Zust\u00e4ndiges Gericht: Wels<br \/>HRB Nummer: FN 565454a\u00a0<br \/>Beh\u00f6rde gem. ECG (E-Commerce-Gesetz): Bezirkshauptmannschaft Wels<\/p><p>Zust\u00e4ndiges Finanzamt: Wels<br \/>USt.Id.: ATU77327929\u00a0<\/p>\t\t\t\t\t\t<\/div>\n\t\t\t\t<\/div>\n\t\t\t\t\t<\/div>\n\t\t<\/div>\n\t\t\t\t\t<\/div>\n\t\t<\/section>\n\t\t\t\t<\/div>\n\t\t","protected":false},"excerpt":{"rendered":"<p>Impressum PS Traumauto GmbH Besichtigungsadresse und Betriebsst\u00e4tte: Kaplanstra\u00dfe 11a4632 Pichl bei Wels Telefon: +43 6767352882Web:\u00a0www.deintraumauto.at\u00a0E-Mail:\u00a0office@deintraumauto.at Gesch\u00e4ftsf\u00fchrung: Parim Sylejmani, Marcel Waldburger Inhaltlich verantwortlich gem\u00e4\u00df \u00a7 5 TMG: Adresse des inhalt. Verantwortlichen: Parim Sylejmani, Marcel WaldburgerVerantwortlich im Sinne des Presserechts (V.i.S.d.P.): Parim Sylejmani, Marcel WaldburgerZust\u00e4ndiges Gericht: WelsHRB Nummer: FN 565454a\u00a0Beh\u00f6rde gem. ECG (E-Commerce-Gesetz): Bezirkshauptmannschaft Wels Zust\u00e4ndiges Finanzamt: [&hellip;]<\/p>\n","protected":false},"author":1,"featured_media":0,"parent":0,"menu_order":0,"comment_status":"closed","ping_status":"closed","template":"elementor_header_footer","meta":{"_monsterinsights_skip_tracking":false,"_monsterinsights_sitenote_active":false,"_monsterinsights_sitenote_note":"","_monsterinsights_sitenote_category":0,"footnotes":""},"class_list":["post-93","page","type-page","status-publish","hentry"],"_links":{"self":[{"href":"https:\/\/www.deintraumauto.at\/home\/wp-json\/wp\/v2\/pages\/93","targetHints":{"allow":["GET"]}}],"collection":[{"href":"https:\/\/www.deintraumauto.at\/home\/wp-json\/wp\/v2\/pages"}],"about":[{"href":"https:\/\/www.deintraumauto.at\/home\/wp-json\/wp\/v2\/types\/page"}],"author":[{"embeddable":true,"href":"https:\/\/www.deintraumauto.at\/home\/wp-json\/wp\/v2\/users\/1"}],"replies":[{"embeddable":true,"href":"https:\/\/www.deintraumauto.at\/home\/wp-json\/wp\/v2\/comments?post=93"}],"version-history":[{"count":10,"href":"https:\/\/www.deintraumauto.at\/home\/wp-json\/wp\/v2\/pages\/93\/revisions"}],"predecessor-version":[{"id":202,"href":"https:\/\/www.deintraumauto.at\/home\/wp-json\/wp\/v2\/pages\/93\/revisions\/202"}],"wp:attachment":[{"href":"https:\/\/www.deintraumauto.at\/home\/wp-json\/wp\/v2\/media?parent=93"}],"curies":[{"name":"wp","href":"https:\/\/api.w.org\/{rel}","templated":true}]}}